{"id":987520432,"date":"2025-12-08T14:06:37","date_gmt":"2025-12-08T14:06:37","guid":{"rendered":"https:\/\/prod.testkahimm.com\/descriptif-des-ouvrages-et-des-espaces-residence-costa\/"},"modified":"2025-12-23T12:48:57","modified_gmt":"2025-12-23T12:48:57","slug":"descriptif-des-ouvrages-et-des-espaces-residence-costa","status":"publish","type":"page","link":"https:\/\/testkahimm.com\/ar\/descriptif-des-ouvrages-et-des-espaces-residence-costa\/","title":{"rendered":"Descriptif des Ouvrages et des Espaces \u2013 R\u00e9sidence COSTA<br><br>"},"content":{"rendered":"<p>[et_pb_section fb_built=&#8221;1&#8243; _builder_version=&#8221;4.27.4&#8243; _module_preset=&#8221;default&#8221; da_disable_devices=&#8221;off|off|off&#8221; global_colors_info=&#8221;{}&#8221; da_is_popup=&#8221;off&#8221; da_exit_intent=&#8221;off&#8221; da_has_close=&#8221;on&#8221; da_alt_close=&#8221;off&#8221; da_dark_close=&#8221;off&#8221; da_not_modal=&#8221;on&#8221; da_is_singular=&#8221;off&#8221; da_with_loader=&#8221;off&#8221; da_has_shadow=&#8221;on&#8221;][et_pb_row _builder_version=&#8221;4.27.4&#8243; _module_preset=&#8221;default&#8221; global_colors_info=&#8221;{}&#8221;][et_pb_column type=&#8221;4_4&#8243; _builder_version=&#8221;4.27.4&#8243; _module_preset=&#8221;default&#8221; global_colors_info=&#8221;{}&#8221;][et_pb_text _builder_version=&#8221;4.27.4&#8243; _module_preset=&#8221;default&#8221; hover_enabled=&#8221;0&#8243; global_colors_info=&#8221;{}&#8221; text_font_size=&#8221;17px&#8221; sticky_enabled=&#8221;0&#8243;]<\/p>\n<h2>Descriptif des Ouvrages et des Espaces \u2013 R\u00e9sidence COSTA<\/p>\n<\/h2>\n<blockquote class=\"wp-block-quote\">\n<p><em>La \u00ab R\u00e9sidence COSTA \u00bb est \u00e9difi\u00e9e sur la route qui longe la plage de Chott-Mariem c\u00e9l\u00e8bre pour ses sables blancs et ses vagues ondulantes. Le caract\u00e8re de la r\u00e9sidence est marqu\u00e9 par son haut standing et la grande qualit\u00e9 des mat\u00e9riaux mis en \u0153uvre. L\u2019architecture de la r\u00e9sidence d\u00e9ploie un style contemporain et \u00e9pur\u00e9. Les appartements disposent d\u2019un design exquis avec des espaces de vie spacieux, de grandes v\u00e9randas, des jardins et des piscines\u2026<br \/>   <\/em><\/p>\n<\/blockquote>\n<p>Ci-dessous, nous proposons un descriptif des espaces, services et ouvrages qui seront mis en \u0153uvre:<\/p>\n<h2>Seconds \u0153uvres et finitions:<\/h2>\n<ul>\n<li><span>Rev\u00eatement des pi\u00e8ces \u00e0 vivre en gr\u00e8s dans la masse de premier choix.<\/span><\/li>\n<li><span>Seuils, sifflets et appuis de fen\u00eatres en marbre.<\/span><\/li>\n<li><span>Marches et contre marches des escaliers en marbre.<\/span><\/li>\n<li><span>Plinthes en gr\u00e8s dans la masse de premier choix.<\/span><\/li>\n<li><span>Rev\u00eatement mural localis\u00e9 en Backsplash pour les cuisines.<\/span><\/li>\n<li><span>Rev\u00eatement mural en fa\u00efence de premier choix pour les salles de bain et les salles d\u2019eau.<\/span><\/li>\n<li><span>Lustrage des rev\u00eatements en marbre.\n<p><\/span><\/li>\n<li><span>Faux plafond partiel en pl\u00e2tre.<\/span><\/li>\n<li><span>Placards agenc\u00e9s dans toutes les chambres.<\/span><\/li>\n<li><span>Enduits lisses avec finition au mastic pour tous les espaces int\u00e9rieurs de vie (chambres, d\u00e9gagements et salons) avec peinture \u00e0 l\u2019eau \u00e0 grande capacit\u00e9 de couverture.<\/span><\/li>\n<li><span>Menuiserie ext\u00e9rieure pour baies vitr\u00e9es, fen\u00eatres, porte-fen\u00eatres et portes de s\u00e9choirs en PVC.<\/span><\/li>\n<li><span>Volets roulants en PVC.<\/span><\/li>\n<li><span>Vitrage double.<\/span><\/li>\n<li><span>Motorisation des ouvertures des volets roulants pour les baies vitr\u00e9es.<\/span><\/li>\n<li><span>Portes int\u00e9rieures en bois h\u00eatre patin\u00e9 avec panneautage en MDF stratifi\u00e9<\/span><\/li>\n<li><span>Placards en MDF stratifi\u00e9.<\/span><\/li>\n<li><span>Serrurerie et quincaillerie de haut de gamme respectant le style \u00e9pur\u00e9 et contemporain.<\/span><\/li>\n<li><span>Portes ext\u00e9rieures blind\u00e9es.<\/span><\/li>\n<li>Cuisines int\u00e9gr\u00e9es et enti\u00e8rement \u00e9quip\u00e9es avec plaque, four, hotte ainsi qu\u2019un r\u00e9frigerateur et lave-vaisselle encastr\u00e9s, avec un plan de travail r\u00e9sistant et facile \u00e0 entretenir en quartz.<\/li>\n<li><span>Sanitaires de haut de gamme.<\/span><\/li>\n<li><span>Robinetterie de haut de gamme.<\/span><\/li>\n<li><span>Installation TV dans le salon et toutes les chambres.<\/span><\/li>\n<li><span>C\u00e2blage informatique au salon permettant ainsi une couverture wifi dans tout l\u2019appartement.<\/span><\/li>\n<li>Solutions domotiques ouvrant la perspective d\u2019un grand confort, de s\u00e9curit\u00e9 et d\u2019\u00e9conomies.<\/li>\n<li><span>Installation t\u00e9l\u00e9phonique.<\/span><\/li>\n<li><span>Climatisation et chauffage.<\/span><\/li>\n<li><span>Chaudi\u00e8re individuelle.<\/span><\/li>\n<\/ul>\n<h2>Espaces paysagers et services communs:<\/h2>\n<ul>\n<li aria-level=\"1\"><span>Aires de d\u00e9tente et de promenade.<\/span><\/li>\n<li aria-level=\"1\"><span>Jardins annex\u00e9s aux appartements du RDC.<\/span><\/li>\n<li aria-level=\"1\"><span>Ascenseurs.<\/span><\/li>\n<li aria-level=\"1\"><span>Parking en sous-sol avec acc\u00e8s en rampe et porti\u00e8res t\u00e9l\u00e9command\u00e9es \u00e9lectriquement.<\/span><\/li>\n<li aria-level=\"1\"><span>R\u00e9sidence t\u00e9l\u00e9-surveill\u00e9e par un syst\u00e8me centralis\u00e9 de cam\u00e9ras.<\/span><\/li>\n<li aria-level=\"1\"><span>Interphone.<\/span><\/li>\n<li aria-level=\"1\"><span>R\u00e9sidence cl\u00f4tur\u00e9e et gard\u00e9e.<\/span><\/li>\n<li aria-level=\"1\"><span>Wifi ext\u00e9rieur.<\/span><\/li>\n<li aria-level=\"1\"><span>Antenne parabolique num\u00e9rique collective.<\/span><\/li>\n<\/ul>\n<h2>Structurel:<\/h2>\n<ul>\n<li aria-level=\"1\"><span>Structure en poteaux et poutres en b\u00e9ton arm\u00e9 avec planchers en corps creux.<\/span><\/li>\n<li aria-level=\"1\"><span>Sous-sol en voile de b\u00e9ton arm\u00e9.<\/span><\/li>\n<li aria-level=\"1\"><span>Ma\u00e7onnerie ext\u00e9rieure de briques c\u00e9ramiques majoritairement en double cloisons avec des plaques en polystyr\u00e8ne expans\u00e9 assurant une isolation sonore et thermique. <\/span><\/li>\n<li aria-level=\"1\"><span>Etanch\u00e9it\u00e9 des terrasses en produits bitumineux.<\/span><\/li>\n<li aria-level=\"1\"><span>Chape arm\u00e9e liss\u00e9e en sous-sol destin\u00e9 au parking v\u00e9hiculaire des r\u00e9sidents.<\/span><\/li>\n<\/ul>\n<p>*Ces sp\u00e9cifications sont donn\u00e9es \u00e0 titre indicatif et peuvent \u00eatre modifi\u00e9es sans pr\u00e9avis ni obligation.<\/p>\n<p>&nbsp;<\/p>\n<p>[\/et_pb_text][et_pb_button button_url=&#8221;https:\/\/testkahimm.com\/residence-costa\/&#8221; button_text=&#8221;\u0627\u0644\u0639\u0648\u062f\u0629 \u0625\u0644\u0649 \u0625\u0642\u0627\u0645\u0629 \u0643\u0648\u0633\u062a\u0627&#8221; button_alignment=&#8221;center&#8221; _builder_version=&#8221;4.27.4&#8243; _module_preset=&#8221;default&#8221; global_colors_info=&#8221;{}&#8221;][\/et_pb_button][\/et_pb_column][\/et_pb_row][\/et_pb_section]<\/p>\n","protected":false},"excerpt":{"rendered":"<p>Descriptif des Ouvrages et des Espaces \u2013 R\u00e9sidence COSTA La \u00ab R\u00e9sidence COSTA \u00bb est \u00e9difi\u00e9e sur la route qui longe la plage de Chott-Mariem c\u00e9l\u00e8bre pour ses sables blancs et ses vagues ondulantes. Le caract\u00e8re de la r\u00e9sidence est marqu\u00e9 par son haut standing et la grande qualit\u00e9 des mat\u00e9riaux mis en \u0153uvre. L\u2019architecture de la r\u00e9sidence d\u00e9ploie un style contemporain et \u00e9pur\u00e9. Les appartements disposent d\u2019un design exquis avec des espaces de vie spacieux, de grandes v\u00e9randas, des jardins et des piscines\u2026 Ci-dessous, nous proposons un descriptif des espaces, services et ouvrages qui seront mis en \u0153uvre: Seconds \u0153uvres et finitions: Rev\u00eatement des pi\u00e8ces \u00e0 vivre en gr\u00e8s dans la masse de premier choix. Seuils, sifflets et appuis de fen\u00eatres en marbre. Marches et contre marches des escaliers en marbre. Plinthes en gr\u00e8s dans la masse de premier choix. Rev\u00eatement mural localis\u00e9 en Backsplash pour les cuisines. Rev\u00eatement mural en fa\u00efence de premier choix pour les salles de bain et les salles d\u2019eau. Lustrage des rev\u00eatements en marbre. Faux plafond partiel en pl\u00e2tre. Placards agenc\u00e9s dans toutes les chambres. Enduits lisses avec finition au mastic pour tous les espaces int\u00e9rieurs de vie (chambres, d\u00e9gagements et salons) avec peinture [&hellip;]<\/p>\n","protected":false},"author":1,"featured_media":0,"parent":0,"menu_order":0,"comment_status":"closed","ping_status":"closed","template":"","meta":{"_et_pb_use_builder":"on","_et_pb_old_content":"","_et_gb_content_width":"","footnotes":""},"class_list":["post-987520432","page","type-page","status-publish","hentry"],"_links":{"self":[{"href":"https:\/\/testkahimm.com\/ar\/wp-json\/wp\/v2\/pages\/987520432","targetHints":{"allow":["GET"]}}],"collection":[{"href":"https:\/\/testkahimm.com\/ar\/wp-json\/wp\/v2\/pages"}],"about":[{"href":"https:\/\/testkahimm.com\/ar\/wp-json\/wp\/v2\/types\/page"}],"author":[{"embeddable":true,"href":"https:\/\/testkahimm.com\/ar\/wp-json\/wp\/v2\/users\/1"}],"replies":[{"embeddable":true,"href":"https:\/\/testkahimm.com\/ar\/wp-json\/wp\/v2\/comments?post=987520432"}],"version-history":[{"count":4,"href":"https:\/\/testkahimm.com\/ar\/wp-json\/wp\/v2\/pages\/987520432\/revisions"}],"predecessor-version":[{"id":987521636,"href":"https:\/\/testkahimm.com\/ar\/wp-json\/wp\/v2\/pages\/987520432\/revisions\/987521636"}],"wp:attachment":[{"href":"https:\/\/testkahimm.com\/ar\/wp-json\/wp\/v2\/media?parent=987520432"}],"curies":[{"name":"wp","href":"https:\/\/api.w.org\/{rel}","templated":true}]}}