{"id":987520461,"date":"2025-12-08T14:08:32","date_gmt":"2025-12-08T14:08:32","guid":{"rendered":"https:\/\/prod.testkahimm.com\/descriptif-des-ouvrages-et-des-espaces-residence-la-perle\/"},"modified":"2025-12-23T12:49:21","modified_gmt":"2025-12-23T12:49:21","slug":"descriptif-des-ouvrages-et-des-espaces-residence-la-perle","status":"publish","type":"page","link":"https:\/\/testkahimm.com\/ar\/descriptif-des-ouvrages-et-des-espaces-residence-la-perle\/","title":{"rendered":"Descriptif des Ouvrages et des Espaces \u2013 R\u00e9sidence La Perle<br>"},"content":{"rendered":"<p>[et_pb_section fb_built=&#8221;1&#8243; _builder_version=&#8221;4.27.4&#8243; _module_preset=&#8221;default&#8221; da_disable_devices=&#8221;off|off|off&#8221; global_colors_info=&#8221;{}&#8221; da_is_popup=&#8221;off&#8221; da_exit_intent=&#8221;off&#8221; da_has_close=&#8221;on&#8221; da_alt_close=&#8221;off&#8221; da_dark_close=&#8221;off&#8221; da_not_modal=&#8221;on&#8221; da_is_singular=&#8221;off&#8221; da_with_loader=&#8221;off&#8221; da_has_shadow=&#8221;on&#8221;][et_pb_row _builder_version=&#8221;4.27.4&#8243; _module_preset=&#8221;default&#8221; global_colors_info=&#8221;{}&#8221;][et_pb_column type=&#8221;4_4&#8243; _builder_version=&#8221;4.27.4&#8243; _module_preset=&#8221;default&#8221; global_colors_info=&#8221;{}&#8221;][et_pb_text _builder_version=&#8221;4.27.4&#8243; _module_preset=&#8221;default&#8221; hover_enabled=&#8221;0&#8243; global_colors_info=&#8221;{}&#8221; text_font_size=&#8221;17px&#8221; sticky_enabled=&#8221;0&#8243;]<\/p>\n<h1>Descriptif des Ouvrages et des Espaces<br \/><\/h1>\n<blockquote class=\"wp-block-quote\">\n<p><em>La r\u00e9sidence \u00ab La Perle de Sahloul \u00bb est dans un emplacement id\u00e9al, le lotissement Sahloul IV, dans une zone recherch\u00e9e proximit\u00e9 de toutes commodit\u00e9s : \u00e9coles, facult\u00e9s, commerces,parcs, et \u00e0 quelques minutes de la route de ceinture Sahloul. Les appartements disposent d\u2019un design exquis avec des espaces de vie spacieux, une bonne orientation, des v\u00e9randas, des jardins en RDC, une piscine couverte, un sauna, et une salle de sport.<br \/> <\/em><\/p>\n<\/blockquote>\n<p>Ci-dessous, nous proposons un descriptif des espaces, services et ouvrages qui seront mis en \u0153uvre:<\/p>\n<h2 class=\"wp-block-heading\">Seconds \u0153uvres et finitions:<\/h2>\n<ul class=\"wp-block-list\">\n<li><span>Rev\u00eatement des pi\u00e8ces \u00e0 vivre en gr\u00e8s dans la masse de premier choix.<\/span><\/li>\n<li><span>Seuils, sifflets et appuis de fen\u00eatres en marbre.<\/span><\/li>\n<li><span>Marches et contre marches des escaliers en marbre.<\/span><\/li>\n<li><span>Plinthes en gr\u00e8s dans la masse de premier choix.<\/span><\/li>\n<li><span>Rev\u00eatement mural localis\u00e9 en Backsplash pour les cuisines.<\/span><\/li>\n<li><span>Rev\u00eatement mural en fa\u00efence de premier choix pour les salles de bain et les salles d\u2019eau.<\/span><\/li>\n<li><span>Faux plafond partiel en pl\u00e2tre.<\/span><\/li>\n<li><span>Placards agenc\u00e9s dans les chambres.<\/span><\/li>\n<li><span>Enduits lisses avec finition au mastic pour tous les espaces int\u00e9rieurs de vie avec peinture \u00e0 l\u2019eau \u00e0 grande capacit\u00e9 de couverture.<\/span><\/li>\n<li><span>Menuiserie ext\u00e9rieure pour baies vitr\u00e9es, fen\u00eatres, porte-fen\u00eatre et portes de s\u00e9choirs en PVC.<\/span><\/li>\n<li><span>Volets roulants en PVC.<\/span><\/li>\n<li><span>Vitrage double.<\/span><\/li>\n<li><span>Motorisation des ouvertures des volets roulants pour les baies vitr\u00e9es.<\/span><\/li>\n<li><span>Placards en MDF stratifi\u00e9.<\/span><\/li>\n<li><span>Serrurerie et quincaillerie de haut de gamme respectant le style \u00e9pur\u00e9 et contemporain.<\/span><\/li>\n<li><span>Portes ext\u00e9rieures blind\u00e9es.<\/span><\/li>\n<li><span>Cuisines int\u00e9gr\u00e9es et enti\u00e8rement \u00e9quip\u00e9es avec plaque, four, hotte, r\u00e9frig\u00e9rateur et lave-vaisselle, avec un plan de travail r\u00e9sistant et facile \u00e0 entretenir en quartz.<\/span><\/li>\n<li><span>Sanitaires de haut de gamme.<\/span><\/li>\n<li><span>Robinetterie de haut de gamme.<\/span><\/li>\n<li><span>Installation TV dans le salon et chambres.<\/span><\/li>\n<li><span>Installation d\u2019une prise terminale en Fibre optique dans chaque appartement pour la connexion de box internet et t\u00e9l\u00e9phone.<\/span><\/li>\n<li><span>Solutions domotiques pour la commande centralis\u00e9e \u00e0 distance des volets roulants .<\/span><\/li>\n<li><span>Climatisation et chauffage.<\/span><\/li>\n<li><span>Chaudi\u00e8re individuelle.<\/span><\/li>\n<\/ul>\n<h2 class=\"wp-block-heading\">Espaces paysagers et services communs:<\/h2>\n<ul class=\"wp-block-list\">\n<li aria-level=\"1\"><span>Espaces de loisirs au premier sous-sol : une piscine couverte dot\u00e9e d\u2019un coin hydromassage avec terrasse, sauna et salle de sport.<\/span><\/li>\n<li aria-level=\"1\"><span>Jardins \u00e0 jouissances privatives annex\u00e9s aux appartements du RDC.<\/span><\/li>\n<li aria-level=\"1\"><span>Ascenseurs.<\/span><\/li>\n<li aria-level=\"1\"><span>Parking en sous-sol avec acc\u00e8s en rampe et porti\u00e8res t\u00e9l\u00e9command\u00e9es \u00e9lectriquement.<\/span><\/li>\n<li aria-level=\"1\"><span>T\u00e9l\u00e9-Surveillance par un syst\u00e8me centralis\u00e9 de cam\u00e9ras.<\/span><\/li>\n<li aria-level=\"1\"><span>Interphone.<\/span><\/li>\n<li aria-level=\"1\"><span>R\u00e9sidence cl\u00f4tur\u00e9e et gard\u00e9e.<\/span><\/li>\n<li aria-level=\"1\"><span>Wifi ext\u00e9rieur.<\/span><\/li>\n<li aria-level=\"1\"><span>Antenne parabolique num\u00e9rique collective.<\/span><\/li>\n<\/ul>\n<h2 class=\"wp-block-heading\">Structurel:<\/h2>\n<ul class=\"wp-block-list\">\n<li aria-level=\"1\"><span>Structure en poteaux et poutres en b\u00e9ton arm\u00e9 avec planchers en corps creux.<\/span><\/li>\n<li aria-level=\"1\"><span>Sous-sol en voile de b\u00e9ton arm\u00e9.<\/span><\/li>\n<li aria-level=\"1\"><span>Ma\u00e7onnerie ext\u00e9rieure de briques c\u00e9ramiques en double cloisons avec des plaques en polystyr\u00e8ne expans\u00e9 assurant une isolation sonore et thermique.<\/span><\/li>\n<li aria-level=\"1\"><span>Etanch\u00e9it\u00e9 des terrasses en produits bitumineux.<\/span><\/li>\n<li aria-level=\"1\"><span>Chape arm\u00e9e liss\u00e9e en sous-sol destin\u00e9 au parking v\u00e9hiculaire des r\u00e9sidents.<\/span><\/li>\n<\/ul>\n<p>** Ces sp\u00e9cifications sont donn\u00e9es \u00e0 titre indicatif et peuvent \u00eatre modifi\u00e9es sans pr\u00e9avis ni obligation.<\/p>\n<p>&nbsp;<\/p>\n<p>[\/et_pb_text][et_pb_button button_url=&#8221;https:\/\/testkahimm.com\/residence-la-perle\/&#8221; button_text=&#8221;\u0627\u0644\u0639\u0648\u062f\u0629 \u0625\u0644\u0649 \u0625\u0642\u0627\u0645\u0629 \u0627\u0644\u0644\u0624\u0644\u0624\u0629&#8221; button_alignment=&#8221;center&#8221; _builder_version=&#8221;4.27.4&#8243; _module_preset=&#8221;default&#8221; global_colors_info=&#8221;{}&#8221;][\/et_pb_button][\/et_pb_column][\/et_pb_row][\/et_pb_section]<\/p>\n","protected":false},"excerpt":{"rendered":"<p>Descriptif des Ouvrages et des Espaces La r\u00e9sidence \u00ab La Perle de Sahloul \u00bb est dans un emplacement id\u00e9al, le lotissement Sahloul IV, dans une zone recherch\u00e9e proximit\u00e9 de toutes commodit\u00e9s : \u00e9coles, facult\u00e9s, commerces,parcs, et \u00e0 quelques minutes de la route de ceinture Sahloul. Les appartements disposent d\u2019un design exquis avec des espaces de vie spacieux, une bonne orientation, des v\u00e9randas, des jardins en RDC, une piscine couverte, un sauna, et une salle de sport. Ci-dessous, nous proposons un descriptif des espaces, services et ouvrages qui seront mis en \u0153uvre: Seconds \u0153uvres et finitions: Rev\u00eatement des pi\u00e8ces \u00e0 vivre en gr\u00e8s dans la masse de premier choix. Seuils, sifflets et appuis de fen\u00eatres en marbre. Marches et contre marches des escaliers en marbre. Plinthes en gr\u00e8s dans la masse de premier choix. Rev\u00eatement mural localis\u00e9 en Backsplash pour les cuisines. Rev\u00eatement mural en fa\u00efence de premier choix pour les salles de bain et les salles d\u2019eau. Faux plafond partiel en pl\u00e2tre. Placards agenc\u00e9s dans les chambres. Enduits lisses avec finition au mastic pour tous les espaces int\u00e9rieurs de vie avec peinture \u00e0 l\u2019eau \u00e0 grande capacit\u00e9 de couverture. Menuiserie ext\u00e9rieure pour baies vitr\u00e9es, fen\u00eatres, porte-fen\u00eatre et portes de s\u00e9choirs [&hellip;]<\/p>\n","protected":false},"author":1,"featured_media":0,"parent":0,"menu_order":0,"comment_status":"closed","ping_status":"closed","template":"","meta":{"_et_pb_use_builder":"on","_et_pb_old_content":"","_et_gb_content_width":"","footnotes":""},"class_list":["post-987520461","page","type-page","status-publish","hentry"],"_links":{"self":[{"href":"https:\/\/testkahimm.com\/ar\/wp-json\/wp\/v2\/pages\/987520461","targetHints":{"allow":["GET"]}}],"collection":[{"href":"https:\/\/testkahimm.com\/ar\/wp-json\/wp\/v2\/pages"}],"about":[{"href":"https:\/\/testkahimm.com\/ar\/wp-json\/wp\/v2\/types\/page"}],"author":[{"embeddable":true,"href":"https:\/\/testkahimm.com\/ar\/wp-json\/wp\/v2\/users\/1"}],"replies":[{"embeddable":true,"href":"https:\/\/testkahimm.com\/ar\/wp-json\/wp\/v2\/comments?post=987520461"}],"version-history":[{"count":4,"href":"https:\/\/testkahimm.com\/ar\/wp-json\/wp\/v2\/pages\/987520461\/revisions"}],"predecessor-version":[{"id":987521639,"href":"https:\/\/testkahimm.com\/ar\/wp-json\/wp\/v2\/pages\/987520461\/revisions\/987521639"}],"wp:attachment":[{"href":"https:\/\/testkahimm.com\/ar\/wp-json\/wp\/v2\/media?parent=987520461"}],"curies":[{"name":"wp","href":"https:\/\/api.w.org\/{rel}","templated":true}]}}