{"id":7,"date":"2025-11-08T20:51:12","date_gmt":"2025-11-08T20:51:12","guid":{"rendered":"https:\/\/prod.testkahimm.com\/?page_id=7"},"modified":"2026-03-03T09:38:04","modified_gmt":"2026-03-03T09:38:04","slug":"a-propos","status":"publish","type":"page","link":"https:\/\/testkahimm.com\/fr\/a-propos\/","title":{"rendered":"A propos"},"content":{"rendered":"<p>[et_pb_section fb_built=\u00a0\u00bb1&Prime; admin_label=\u00a0\u00bbAbout\u00a0\u00bb _builder_version=\u00a0\u00bb4.27.0&Prime; da_disable_devices=\u00a0\u00bboff|off|off\u00a0\u00bb collapsed=\u00a0\u00bbon\u00a0\u00bb global_colors_info=\u00a0\u00bb{}\u00a0\u00bb da_is_popup=\u00a0\u00bboff\u00a0\u00bb da_exit_intent=\u00a0\u00bboff\u00a0\u00bb da_has_close=\u00a0\u00bbon\u00a0\u00bb da_alt_close=\u00a0\u00bboff\u00a0\u00bb da_dark_close=\u00a0\u00bboff\u00a0\u00bb da_not_modal=\u00a0\u00bbon\u00a0\u00bb da_is_singular=\u00a0\u00bboff\u00a0\u00bb da_with_loader=\u00a0\u00bboff\u00a0\u00bb da_has_shadow=\u00a0\u00bbon\u00a0\u00bb][et_pb_row _builder_version=\u00a0\u00bb4.27.4&Prime; custom_padding=\u00a0\u00bb||0px|||\u00a0\u00bb global_colors_info=\u00a0\u00bb{}\u00a0\u00bb][et_pb_column type=\u00a0\u00bb4_4&Prime; _builder_version=\u00a0\u00bb4.27.4&Prime; global_colors_info=\u00a0\u00bb{}\u00a0\u00bb][et_pb_heading title=\u00a0\u00bbDepuis 1999&Prime; _builder_version=\u00a0\u00bb4.27.4&Prime; _module_preset=\u00a0\u00bbb9862f59-02cd-429f-9b28-0ca01605474e\u00a0\u00bb title_text_color=\u00a0\u00bbgcid-5c1fdbea-cf1c-4e43-9ca3-8aaf5669daa1&Prime; locked=\u00a0\u00bboff\u00a0\u00bb global_colors_info=\u00a0\u00bb{%22gcid-5c1fdbea-cf1c-4e43-9ca3-8aaf5669daa1%22:%91%22title_text_color%22%93}\u00a0\u00bb][\/et_pb_heading][et_pb_heading title=\u00a0\u00bbQUI SOMMES NOUS ?\u00a0\u00bb _builder_version=\u00a0\u00bb4.27.4&Prime; _module_preset=\u00a0\u00bb8f31e5a1-d0d5-46d7-b978-f12dcc224989&Prime; title_text_color=\u00a0\u00bbgcid-secondary-color\u00a0\u00bb custom_margin=\u00a0\u00bb||10px||false|false\u00a0\u00bb locked=\u00a0\u00bboff\u00a0\u00bb global_colors_info=\u00a0\u00bb{%22gcid-secondary-color%22:%91%22title_text_color%22%93}\u00a0\u00bb][\/et_pb_heading][\/et_pb_column][\/et_pb_row][et_pb_row column_structure=\u00a0\u00bb1_2,1_2&Prime; _builder_version=\u00a0\u00bb4.27.0&Prime; global_colors_info=\u00a0\u00bb{}\u00a0\u00bb][et_pb_column type=\u00a0\u00bb1_2&Prime; _builder_version=\u00a0\u00bb4.16&Prime; global_colors_info=\u00a0\u00bb{}\u00a0\u00bb][et_pb_text _builder_version=\u00a0\u00bb4.27.4&Prime; _module_preset=\u00a0\u00bb4c58e86d-8899-4650-8a0f-77f1d9e3551e\u00a0\u00bb text_font=\u00a0\u00bbNunito Sans||||||||\u00a0\u00bb text_font_size=\u00a0\u00bb16px\u00a0\u00bb locked=\u00a0\u00bboff\u00a0\u00bb global_colors_info=\u00a0\u00bb{}\u00a0\u00bb]<\/p>\n<p>Soci\u00e9t\u00e9 Kahloun Immobili\u00e8re, une soci\u00e9t\u00e9 de promotion immobili\u00e8re, a \u00e9t\u00e9 cr\u00e9\u00e9e en octobre 1999. Son objectif est d\u2019offrir des logements de qualit\u00e9 qui assurent le confort, la s\u00e9curit\u00e9 et la satisfaction de ses clients, chose qui a fait de la SKI un acteur important et un leader dans le secteur de la promotion immobili\u00e8re en Tunisie.<br \/>La SKI repose sur une \u00e9quipe technique sp\u00e9cialis\u00e9e et hautement qualifi\u00e9e dans le domaine de l\u2019immobilier. En plus, pour r\u00e9aliser ses projets, elle fait appel aux sp\u00e9cialistes du domaine (architectes, bureaux d\u2019\u00e9tudes, bureaux de pilotages, bureaux de contr\u00f4les, etc\u2026) afin de respecter les r\u00e9glementations et proc\u00e9dures en vigueur.<\/p>\n<p>La SKI accorde une grande importance aux aspects architecturaux et techniques de ses projets en conjuguant un style original, fonctionnel et confortable tout en utilisant d\u2019excellents mat\u00e9riaux et techniques pour un produit de haute qualit\u00e9.<\/p>\n<p>L\u2019\u00e9quipe de SKI croit au fait que \u00ab le client est roi \u00bb et vous accompagne de A \u00e0 Z, depuis le choix d\u2019un bien immobilier en passant par le montage du dossier de pr\u00eat immobilier, la signature des documents de vente jusqu\u2019\u00e0 la remise des cl\u00e9s.<\/p>\n<p>[\/et_pb_text][\/et_pb_column][et_pb_column type=\u00a0\u00bb1_2&Prime; _builder_version=\u00a0\u00bb4.27.0&Prime; global_colors_info=\u00a0\u00bb{}\u00a0\u00bb][et_pb_blurb title=\u00a0\u00bbNotre Vision\u00a0\u00bb icon_placement=\u00a0\u00bbtop\u00a0\u00bb disabled_on=\u00a0\u00bbon|on|on\u00a0\u00bb _builder_version=\u00a0\u00bb4.27.4&Prime; _module_preset=\u00a0\u00bbcff8bb1f-fbd4-498c-a1fb-f1cd860ba107&Prime; body_font=\u00a0\u00bbNunito Sans||||||||\u00a0\u00bb disabled=\u00a0\u00bbon\u00a0\u00bb]<\/p>\n<p>Construire des espaces de vie modernes, durables et \u00e9l\u00e9gants, qui valorisent le cadre de vie et contribuent au d\u00e9veloppement urbain harmonieux en Tunisie.<\/p>\n<p>[\/et_pb_blurb][et_pb_blurb title=\u00a0\u00bbNos Missions\u00a0\u00bb icon_placement=\u00a0\u00bbtop\u00a0\u00bb disabled_on=\u00a0\u00bbon|on|on\u00a0\u00bb _builder_version=\u00a0\u00bb4.27.4&Prime; _module_preset=\u00a0\u00bbcff8bb1f-fbd4-498c-a1fb-f1cd860ba107&Prime; body_font=\u00a0\u00bbNunito Sans||||||||\u00a0\u00bb disabled=\u00a0\u00bbon\u00a0\u00bb]<\/p>\n<p>Proposer des r\u00e9sidences haut standing alliant confort, s\u00e9curit\u00e9, innovation et qualit\u00e9 de construction, tout en r\u00e9pondant aux besoins et aspirations de nos clients.<\/p>\n<p>[\/et_pb_blurb][et_pb_image src=\u00a0\u00bbhttps:\/\/testkahimm.com\/wp-content\/uploads\/2025\/11\/aprops-149&#215;300-3.gif\u00a0\u00bb title_text=\u00a0\u00bbaprops-149&#215;300-3&Prime; align=\u00a0\u00bbcenter\u00a0\u00bb _builder_version=\u00a0\u00bb4.27.4&Prime; _module_preset=\u00a0\u00bbdefault\u00a0\u00bb global_colors_info=\u00a0\u00bb{}\u00a0\u00bb][\/et_pb_image][\/et_pb_column][\/et_pb_row][et_pb_row disabled_on=\u00a0\u00bbon|off|off\u00a0\u00bb admin_label=\u00a0\u00bbRow\u00a0\u00bb _builder_version=\u00a0\u00bb4.27.4&Prime; global_colors_info=\u00a0\u00bb{}\u00a0\u00bb][et_pb_column type=\u00a0\u00bb4_4&Prime; _builder_version=\u00a0\u00bb4.16&Prime; global_colors_info=\u00a0\u00bb{}\u00a0\u00bb][et_pb_video src=\u00a0\u00bbhttps:\/\/www.youtube.com\/watch?v=vLX1vsLlrqY\u00a0\u00bb image_src=\u00a0\u00bb\/\/i.ytimg.com\/vi\/vLX1vsLlrqY\/hqdefault.jpg\u00a0\u00bb image_src_last_edited=\u00a0\u00bboff|desktop\u00a0\u00bb _builder_version=\u00a0\u00bb4.27.4&Prime; _module_preset=\u00a0\u00bb8b9b1db4-2b4c-4fcd-be95-b5d9b22c97db\u00a0\u00bb global_colors_info=\u00a0\u00bb{}\u00a0\u00bb][\/et_pb_video][\/et_pb_column][\/et_pb_row][\/et_pb_section][et_pb_section fb_built=\u00a0\u00bb1&Prime; admin_label=\u00a0\u00bbFeatures\u00a0\u00bb _builder_version=\u00a0\u00bb4.27.4&Prime; da_disable_devices=\u00a0\u00bboff|off|off\u00a0\u00bb collapsed=\u00a0\u00bbon\u00a0\u00bb global_colors_info=\u00a0\u00bb{}\u00a0\u00bb da_is_popup=\u00a0\u00bboff\u00a0\u00bb da_exit_intent=\u00a0\u00bboff\u00a0\u00bb da_has_close=\u00a0\u00bbon\u00a0\u00bb da_alt_close=\u00a0\u00bboff\u00a0\u00bb da_dark_close=\u00a0\u00bboff\u00a0\u00bb da_not_modal=\u00a0\u00bbon\u00a0\u00bb da_is_singular=\u00a0\u00bboff\u00a0\u00bb da_with_loader=\u00a0\u00bboff\u00a0\u00bb da_has_shadow=\u00a0\u00bbon\u00a0\u00bb][et_pb_row column_structure=\u00a0\u00bb1_3,1_3,1_3&Prime; _builder_version=\u00a0\u00bb4.27.4&Prime; custom_padding=\u00a0\u00bb||4px|||\u00a0\u00bb hover_enabled=\u00a0\u00bb0&Prime; locked=\u00a0\u00bboff\u00a0\u00bb global_colors_info=\u00a0\u00bb{}\u00a0\u00bb sticky_enabled=\u00a0\u00bb0&Prime;][et_pb_column type=\u00a0\u00bb1_3&Prime; _builder_version=\u00a0\u00bb4.27.4&Prime; _module_preset=\u00a0\u00bbbf83def3-6e9a-418a-970e-b9fec0e62468&Prime; hover_enabled=\u00a0\u00bb0&Prime; global_colors_info=\u00a0\u00bb{}\u00a0\u00bb sticky_enabled=\u00a0\u00bb0&Prime; link_option_url=\u00a0\u00bbhttps:\/\/testkahimm.com\/fr\/projets\/\u00a0\u00bb][et_pb_blurb title=\u00a0\u00bb3 projets en cours\u00a0\u00bb use_icon=\u00a0\u00bbon\u00a0\u00bb font_icon=\u00a0\u00bb&#xf015;||fa||900&Prime; icon_color=\u00a0\u00bbgcid-primary-color\u00a0\u00bb icon_placement=\u00a0\u00bbtop\u00a0\u00bb image_icon_width=\u00a0\u00bb40px\u00a0\u00bb icon_alignment=\u00a0\u00bbcenter\u00a0\u00bb _builder_version=\u00a0\u00bb4.27.4&Prime; _module_preset=\u00a0\u00bbcff8bb1f-fbd4-498c-a1fb-f1cd860ba107&Prime; header_text_color=\u00a0\u00bbgcid-secondary-color\u00a0\u00bb body_font=\u00a0\u00bbNunito Sans||||||||\u00a0\u00bb body_font_size=\u00a0\u00bb16px\u00a0\u00bb text_orientation=\u00a0\u00bbcenter\u00a0\u00bb custom_padding=\u00a0\u00bb||9px|||\u00a0\u00bb global_colors_info=\u00a0\u00bb{%22gcid-secondary-color%22:%91%22header_text_color%22%93,%22gcid-primary-color%22:%91%22icon_color%22%93}\u00a0\u00bb]<\/p>\n<p>Avec trois projets en cours de r\u00e9alisation, SKI continue d\u2019\u00e9largir son empreinte immobili\u00e8re en Tunisie en d\u00e9veloppant des r\u00e9sidences modernes et haut standing.<\/p>\n<p>[\/et_pb_blurb][et_pb_button button_text=\u00a0\u00bbVoir plus\u00a0\u00bb button_alignment=\u00a0\u00bbcenter\u00a0\u00bb disabled_on=\u00a0\u00bbon|on|on\u00a0\u00bb _builder_version=\u00a0\u00bb4.27.4&Prime; _module_preset=\u00a0\u00bb1ed34c77-22c9-4463-85ab-1b87cbe59e5e\u00a0\u00bb button_border_width=\u00a0\u00bb2px\u00a0\u00bb button_border_color=\u00a0\u00bbRGBA(255,255,255,0)\u00a0\u00bb disabled=\u00a0\u00bbon\u00a0\u00bb global_colors_info=\u00a0\u00bb{%22gcid-primary-color%22:%91%22button_text_color%22,%22box_shadow_color%22%93}\u00a0\u00bb][\/et_pb_button][\/et_pb_column][et_pb_column type=\u00a0\u00bb1_3&Prime; _builder_version=\u00a0\u00bb4.27.0&Prime; _module_preset=\u00a0\u00bbbf83def3-6e9a-418a-970e-b9fec0e62468&Prime; hover_enabled=\u00a0\u00bb0&Prime; global_colors_info=\u00a0\u00bb{}\u00a0\u00bb sticky_enabled=\u00a0\u00bb0&Prime;][et_pb_blurb title=\u00a0\u00bb10 projets r\u00e9alis\u00e9s\u00a0\u00bb use_icon=\u00a0\u00bbon\u00a0\u00bb font_icon=\u00a0\u00bb&#xf058;||fa||900&Prime; icon_color=\u00a0\u00bbgcid-primary-color\u00a0\u00bb icon_placement=\u00a0\u00bbtop\u00a0\u00bb image_icon_width=\u00a0\u00bb40px\u00a0\u00bb icon_alignment=\u00a0\u00bbcenter\u00a0\u00bb _builder_version=\u00a0\u00bb4.27.4&Prime; _module_preset=\u00a0\u00bbcff8bb1f-fbd4-498c-a1fb-f1cd860ba107&Prime; header_text_color=\u00a0\u00bbgcid-secondary-color\u00a0\u00bb body_font=\u00a0\u00bbNunito Sans||||||||\u00a0\u00bb body_font_size=\u00a0\u00bb16px\u00a0\u00bb text_orientation=\u00a0\u00bbcenter\u00a0\u00bb custom_padding=\u00a0\u00bb||34px|||\u00a0\u00bb global_colors_info=\u00a0\u00bb{%22gcid-secondary-color%22:%91%22header_text_color%22,%22header_text_color%22%93,%22gcid-primary-color%22:%91%22icon_color%22,%22icon_color%22%93}\u00a0\u00bb]<\/p>\n<p>Plus de dix projets r\u00e9sidentiels livr\u00e9s avec succ\u00e8s, t\u00e9moignant de notre expertise, notre fiabilit\u00e9 et notre engagement envers la qualit\u00e9 et la satisfaction client.<\/p>\n<p>[\/et_pb_blurb][et_pb_button button_text=\u00a0\u00bbvoir plus\u00a0\u00bb button_alignment=\u00a0\u00bbcenter\u00a0\u00bb disabled_on=\u00a0\u00bbon|on|on\u00a0\u00bb _builder_version=\u00a0\u00bb4.27.4&Prime; _module_preset=\u00a0\u00bb1ed34c77-22c9-4463-85ab-1b87cbe59e5e\u00a0\u00bb disabled=\u00a0\u00bbon\u00a0\u00bb global_colors_info=\u00a0\u00bb{%22gcid-primary-color%22:%91%22button_text_color%22,%22box_shadow_color%22%93}\u00a0\u00bb][\/et_pb_button][\/et_pb_column][et_pb_column type=\u00a0\u00bb1_3&Prime; _builder_version=\u00a0\u00bb4.27.0&Prime; _module_preset=\u00a0\u00bbbf83def3-6e9a-418a-970e-b9fec0e62468&Prime; global_colors_info=\u00a0\u00bb{}\u00a0\u00bb][et_pb_blurb title=\u00a0\u00bb1130 logements vendus\u00a0\u00bb use_icon=\u00a0\u00bbon\u00a0\u00bb font_icon=\u00a0\u00bb&#xe06e;||divi||400&Prime; icon_color=\u00a0\u00bbgcid-primary-color\u00a0\u00bb icon_placement=\u00a0\u00bbtop\u00a0\u00bb image_icon_width=\u00a0\u00bb40px\u00a0\u00bb icon_alignment=\u00a0\u00bbcenter\u00a0\u00bb _builder_version=\u00a0\u00bb4.27.4&Prime; _module_preset=\u00a0\u00bbcff8bb1f-fbd4-498c-a1fb-f1cd860ba107&Prime; header_text_color=\u00a0\u00bbgcid-secondary-color\u00a0\u00bb body_font=\u00a0\u00bbNunito Sans||||||||\u00a0\u00bb body_font_size=\u00a0\u00bb16px\u00a0\u00bb text_orientation=\u00a0\u00bbcenter\u00a0\u00bb custom_padding=\u00a0\u00bb||0px|||\u00a0\u00bb global_colors_info=\u00a0\u00bb{%22gcid-secondary-color%22:%91%22header_text_color%22,%22header_text_color%22%93,%22gcid-primary-color%22:%91%22icon_color%22,%22icon_color%22%93}\u00a0\u00bb]<\/p>\n<p>Gr\u00e2ce \u00e0 la confiance de plus de 1130 familles, SKI confirme sa position de promoteur immobilier leader, reconnu pour son s\u00e9rieux et son excellence.<\/p>\n<p>[\/et_pb_blurb][et_pb_button button_text=\u00a0\u00bbvoir plus\u00a0\u00bb button_alignment=\u00a0\u00bbcenter\u00a0\u00bb disabled_on=\u00a0\u00bbon|on|on\u00a0\u00bb _builder_version=\u00a0\u00bb4.27.4&Prime; _module_preset=\u00a0\u00bb1ed34c77-22c9-4463-85ab-1b87cbe59e5e\u00a0\u00bb disabled=\u00a0\u00bbon\u00a0\u00bb global_colors_info=\u00a0\u00bb{%22gcid-primary-color%22:%91%22button_text_color%22,%22box_shadow_color%22%93}\u00a0\u00bb][\/et_pb_button][\/et_pb_column][\/et_pb_row][\/et_pb_section]<\/p>\n","protected":false},"excerpt":{"rendered":"<p>Soci\u00e9t\u00e9 Kahloun Immobili\u00e8re, une soci\u00e9t\u00e9 de promotion immobili\u00e8re, a \u00e9t\u00e9 cr\u00e9\u00e9e en octobre 1999. Son objectif est d\u2019offrir des logements de qualit\u00e9 qui assurent le confort, la s\u00e9curit\u00e9 et la satisfaction de ses clients, chose qui a fait de la SKI un acteur important et un leader dans le secteur de la promotion immobili\u00e8re en Tunisie.La SKI repose sur une \u00e9quipe technique sp\u00e9cialis\u00e9e et hautement qualifi\u00e9e dans le domaine de l\u2019immobilier. En plus, pour r\u00e9aliser ses projets, elle fait appel aux sp\u00e9cialistes du domaine (architectes, bureaux d\u2019\u00e9tudes, bureaux de pilotages, bureaux de contr\u00f4les, etc\u2026) afin de respecter les r\u00e9glementations et proc\u00e9dures en vigueur. La SKI accorde une grande importance aux aspects architecturaux et techniques de ses projets en conjuguant un style original, fonctionnel et confortable tout en utilisant d\u2019excellents mat\u00e9riaux et techniques pour un produit de haute qualit\u00e9. L\u2019\u00e9quipe de SKI croit au fait que \u00ab le client est roi \u00bb et vous accompagne de A \u00e0 Z, depuis le choix d\u2019un bien immobilier en passant par le montage du dossier de pr\u00eat immobilier, la signature des documents de vente jusqu\u2019\u00e0 la remise des cl\u00e9s.Construire des espaces de vie modernes, durables et \u00e9l\u00e9gants, qui valorisent le cadre de vie et [&hellip;]<\/p>\n","protected":false},"author":1,"featured_media":0,"parent":0,"menu_order":0,"comment_status":"closed","ping_status":"closed","template":"","meta":{"_et_pb_use_builder":"on","_et_pb_old_content":"","_et_gb_content_width":"","footnotes":""},"class_list":["post-7","page","type-page","status-publish","hentry"],"_links":{"self":[{"href":"https:\/\/testkahimm.com\/fr\/wp-json\/wp\/v2\/pages\/7","targetHints":{"allow":["GET"]}}],"collection":[{"href":"https:\/\/testkahimm.com\/fr\/wp-json\/wp\/v2\/pages"}],"about":[{"href":"https:\/\/testkahimm.com\/fr\/wp-json\/wp\/v2\/types\/page"}],"author":[{"embeddable":true,"href":"https:\/\/testkahimm.com\/fr\/wp-json\/wp\/v2\/users\/1"}],"replies":[{"embeddable":true,"href":"https:\/\/testkahimm.com\/fr\/wp-json\/wp\/v2\/comments?post=7"}],"version-history":[{"count":24,"href":"https:\/\/testkahimm.com\/fr\/wp-json\/wp\/v2\/pages\/7\/revisions"}],"predecessor-version":[{"id":987528990,"href":"https:\/\/testkahimm.com\/fr\/wp-json\/wp\/v2\/pages\/7\/revisions\/987528990"}],"wp:attachment":[{"href":"https:\/\/testkahimm.com\/fr\/wp-json\/wp\/v2\/media?parent=7"}],"curies":[{"name":"wp","href":"https:\/\/api.w.org\/{rel}","templated":true}]}}